{"id":62,"date":"2018-10-28T19:57:34","date_gmt":"2018-10-28T18:57:34","guid":{"rendered":"https:\/\/vermessung-kachold.de\/neu\/?page_id=62"},"modified":"2026-03-03T16:52:30","modified_gmt":"2026-03-03T15:52:30","slug":"impressum","status":"publish","type":"page","link":"https:\/\/vermessung-kachold.de\/neu\/impressum\/","title":{"rendered":"Impressum"},"content":{"rendered":"<p>[et_pb_section fb_built=&#8220;1&#8243; fullwidth=&#8220;on&#8220; _builder_version=&#8220;4.16&#8243; global_colors_info=&#8220;{}&#8220;][et_pb_fullwidth_image src=&#8220;https:\/\/vermessung-kachold.de\/neu\/wp-content\/uploads\/2018\/10\/vermessung-kachold-saalfeld-n.jpg&#8220; disabled_on=&#8220;on||&#8220; admin_label=&#8220;Bild Oben&#8220; _builder_version=&#8220;4.16&#8243; global_colors_info=&#8220;{}&#8220;]&nbsp;<br \/>\n[\/et_pb_fullwidth_image][\/et_pb_section][et_pb_section fb_built=&#8220;1&#8243; fullwidth=&#8220;on&#8220; _builder_version=&#8220;4.16&#8243; custom_padding=&#8220;0|0px|0|0px|false|false&#8220; global_colors_info=&#8220;{}&#8220;][et_pb_fullwidth_image src=&#8220;https:\/\/vermessung-kachold.de\/neu\/wp-content\/uploads\/2018\/10\/vermessungsstelle-kachold-saalfeld.png&#8220; disabled_on=&#8220;|on|on&#8220; admin_label=&#8220;Ersatz f\u00fcr Bild oben Handy&#8220; _builder_version=&#8220;4.16&#8243; background_repeat=&#8220;repeat-x&#8220; custom_margin=&#8220;3px||3px|&#8220; global_colors_info=&#8220;{}&#8220;]&nbsp;<br \/>\n[\/et_pb_fullwidth_image][\/et_pb_section][et_pb_section fb_built=&#8220;1&#8243; _builder_version=&#8220;4.16&#8243; global_colors_info=&#8220;{}&#8220;][et_pb_row _builder_version=&#8220;4.16&#8243; background_size=&#8220;initial&#8220; background_position=&#8220;top_left&#8220; background_repeat=&#8220;repeat&#8220; custom_padding=&#8220;0|0px|24px|0px|false|false&#8220; global_colors_info=&#8220;{}&#8220;][et_pb_column type=&#8220;4_4&#8243; _builder_version=&#8220;4.16&#8243; custom_padding=&#8220;|||&#8220; global_colors_info=&#8220;{}&#8220; custom_padding__hover=&#8220;|||&#8220;][et_pb_text _builder_version=&#8220;4.27.6&#8243; hover_enabled=&#8220;0&#8243; global_colors_info=&#8220;{}&#8220; sticky_enabled=&#8220;0&#8243;]<\/p>\n<h1><strong>Impressum<\/strong><\/h1>\n<p><strong>Vermessungsstelle Dipl.-Ing. (FH)<\/strong><\/p>\n<p>Uwe Kachold<br \/>Blankenburger Str. 1-3<\/p>\n<p>07318 Saalfeld<\/p>\n<hr \/>\n<p class=\"dunkellink\">Tel.: 03671\/ 460570<br \/>Fax: 03671\/ 460572<\/p>\n<p><strong>E-mail:\u00a0<\/strong><span class=\"dunkellink\"><a href=\"mailto:info@vermessung-kachold.de\">info@vermessung-kachold.de<\/a><\/span><\/p>\n<p><strong>Homepage:\u00a0<\/strong><span class=\"dunkellink\"><a href=\"https:\/\/vermessung-kachold.de\/neu\/\">www.vermessung-kachold.de<\/a><\/span><\/p>\n<p><strong>Gesch\u00e4ftszeiten:\u00a0<\/strong>Mo &#8211; Fr: 7.00-17.00 Uhr<\/p>\n<p><strong>Gesch\u00e4ftsans\u00e4ssig:<\/strong><span>\u00a0u<\/span>nter der vorgenannten Anschrift<\/p>\n<p><strong>Inhaber:<\/strong><span>\u00a0<\/span>Uwe Kachold<\/p>\n<p><strong>Inhaltlich Verantwortlicher gem\u00e4\u00df \u00a7 6 MDStV: <\/strong>Uwe Kachold<\/p>\n<p><strong>Information nach \u00a7 2 Abs. 1 Dienstleistungs-Informationspflichten-Verordnung (DL-InfoV) und \u00a7 5 Telemediengesetz (TMG):<\/strong><\/p>\n<p>Nach \u00a7 6 Abs. 1a Gewerbeordnung (GewO) in Verbindung mit \u00a7 2 Abs. 1 Dienstleistungs-Informationspflichten-Verordnung (DL-InfoV) sind wir dazu verpflichtet, folgende Informationen zur Verf\u00fcgung zu stellen:<\/p>\n<p><strong>Berufsrechtliche Angaben:\u00a0<\/strong>Dipl.-Ing, (FH) Uwe Kachold<\/p>\n<p><strong>Gesetzliche Berufsbezeichnung:<\/strong><span>\u00a0<\/span>\u00d6ffentlich bestellter Vermessungsingenieur der Bundesrepublik Deutschland, verliehen im Bundesland Th\u00fcringen<\/p>\n<p>Die Bestellung erfolgte am 16.01.1996 f\u00fcr den Freistaat Th\u00fcringen (Deutschland) mit dem Amtsbezirk Landkreis Saalfeld-Rudolstadt durch das Th\u00fcringer Ministerium f\u00fcr Bau und Verkehr (TMBV)<\/p>\n<p><strong style=\"font-size: 18px;\">Rechtsform:<\/strong><span style=\"font-size: 18px;\">\u00a0<\/span><span style=\"font-size: 18px;\">Beliehener Freiberufler<\/span><\/p>\n<p><strong>Anschrift \/ Kontakt:<\/strong><span>\u00a0<\/span>siehe oben<\/p>\n<p><strong>Zust\u00e4ndige Aufsichtsbeh\u00f6rde (bei Wahrnehmung hoheitlicher Aufgaben):<\/strong><span>\u00a0<\/span><br \/>TH\u00dcRINGER LANDESAMT F\u00dcR BODENMANAGEMENT UND GEOINFORMATION Referat 28\u00a0<br \/>Fachaufsicht \u00fcber die Vermessungsstellen Hohenwindenstra\u00dfe 14<br \/>99086 Erfurt<\/p>\n<p><strong>Berufsverband:<\/strong><span>\u00a0<\/span>Bund der \u00d6ffentlich bestellten Vermessungsingenieure<\/p>\n<p><strong>Berufsrechtliche Regelungen:<\/strong><span>\u00a0<\/span>Th\u00fcringer Gesetz \u00fcber die \u00d6ffentlich bestellten Vermessungsingenieure (Th\u00fcrG\u00d6bVI) vom 22. M\u00e4rz 2005 (GVBl Seite 115), zuletzt ge\u00e4ndert durch Artikel 43 des Gesetzes vom 18. Dezember 2018\u00a0 (GVBI. Seite 731).<\/p>\n<p><strong>Kostenordnung:<\/strong><span>\u00a0<\/span>Th\u00fcringer Verwaltungskostenordnung f\u00fcr das amtliche Vermessungswesen (Th\u00fcrVwKostOVerm) vom 29. Januar 2010 (GVBI. S. 1), zuletzt ge\u00e4ndert durch Verordnung vom 28. November 2016 (GVBI. S. 564).<\/p>\n<p><strong>Gerichtsstand:<\/strong><span>\u00a0Verwaltungsgericht Gera, Rudolf-Diener-Stra\u00dfe 1, 07545 Gera<\/span><\/p>\n<p><strong>zivilrechtlicher Gerichtsstand:<\/strong> Amtsgericht Rudolstadt,\u00a0<span>Marktstra\u00dfe 54, 07407 Rudolstadt<\/span><\/p>\n<p><span style=\"font-size: 18px;\"><strong>Steuernummer:<\/strong><span>\u00a0<\/span>165\/237\/04692<\/span><\/p>\n<p><span class=\"textgr\"><strong>Ust.-ID-Nr.:<\/strong><span>\u00a0<\/span>DE 51 960 273 836<\/span><\/p>\n<p><span class=\"textgr\"><strong>Berufshaftpflichtversicherung:<\/strong><span>\u00a0<\/span>AXA Versicherungs AG, Niederlassung Stuttgart, Liebknechtstra\u00dfe 35, 70565 Stuttgart<br \/>R\u00e4umlicher Geltungsbereich: weltweit (au\u00dfer USA und Kanada)<\/span><\/p>\n<p><span class=\"textgr\"><strong>Hinweis gem\u00e4\u00df ODR-Verordnung:<\/strong><span>\u00a0<\/span><br \/>Die Europ\u00e4ische Kommission stellt eine Plattform zur Online-Streitbeilegung zur Verf\u00fcgung, die Sie unter http\/\/ec.eutopa.eu\/consuers\/odr finden<\/span><\/p>\n<p><span class=\"textgr\"><strong>Hinweis gem\u00e4\u00df \u00a7 36 Verbraucherstreitbeilegungsgesetz (VSBG):<\/strong><span>\u00a0<\/span><br \/>Ich nehme nicht an einem Streitbeilegungsverfahren vor einer Verbrauerschlichtungsstelle teil und bin hierzu auch nicht verpflichtet.<\/span><\/p>\n<p>Eine Wahrnehmung widerstreitender Interessen ist den \u00d6ffentlich bestellten Vermessungsingenieuren aufgrund berufsrechtlicher Regelungen untersagt. Vor der Annahme eines Auftrages wird deshalb stets das Vorliegen eines Interessenkonfliktes gepr\u00fcft.<span class=\"textgr\"><\/span><\/p>\n<p>Her Dipl.-Ing. (FH) Uwe Kachold hat sich den Standesregeln des Bundes der \u00d6ffentlich bestellten Vermessungsingenieure e.V. unterworfen. Die Standesregeln k\u00f6nnen abgerufen werden auf der Homepage des BDVI.<\/p>\n<p>\u00d6bVI Uwe Kachold ist Mitglied im:<\/p>\n<ul>\n<li>Bund der \u00d6ffentlich bestellten Vermessungsingenieure (BDVI e. V.)<\/li>\n<li>Deutscher Verein f\u00fcr Vermessungswesen (DVW e. V.)<\/li>\n<\/ul>\n<p><span class=\"textgr\"><\/span><\/p>\n<p><strong>Haftungshinweis:<span>\u00a0<\/span><\/strong><br \/>Externe Links werden von uns sorgf\u00e4ltig \u00fcberpr\u00fcft. Da f\u00fcr den Inhalt der verlinkten Seiten deren Betreiber verantwortlich sind, \u00fcbernehmen wir keine Haftung.<\/p>\n<p>Gem\u00e4\u00df \u00a7 5 Abs.2 Satz 2 des Th\u00fcringer Gesetzes \u00fcber die \u00d6ffentlich bestellten<span>\u00a0<\/span>Vermessungsingenieure (Th\u00fcrG\u00d6bVI) vom 22. M\u00e4rz 2005 (GVBl. S. 115) ist einem<span>\u00a0<\/span>\u00d6ffentlich bestellten Vermessungsingenieur Werbung eingeschr\u00e4nkt gestattet.<\/p>\n<h2>DATENSCHUTZ<\/h2>\n<p>Der Schutz Ihrer pers\u00f6nlichen Daten ist uns sehr wichtig. Deshalb halten wir uns strikt an die Regeln der Datenschutzgesetze. Bei der Nutzung unserer Webseiten bleiben Sie anonym, solange Sie uns nicht von sich aus freiwillig personenbezogene Daten zur Verf\u00fcgung stellen. Erhalten wir durch Kontaktaufnahme \u00fcber unsere Website personenbezogene Daten, werden diese vertraulich behandelt und ausschlie\u00dflich f\u00fcr die Kl\u00e4rung Ihres Anliegens verwendet. In keinem Fall werden die erhobenen Daten verkauft oder aus anderen Gr\u00fcnden an unbefugte Dritte weitergegeben.<\/p>\n<p>Die Nutzung der im Rahmen des Impressums oder vergleichbarer Angaben ver\u00f6ffentlichten Kontaktdaten wie Postanschriften, Telefon- und Faxnummern sowie E-mail-adressen durch Dritte zur \u00dcbersendung von nicht ausdr\u00fccklich angeforderten Informationen ist nicht gestattet.<\/p>\n<p>Rechtliche Schritte,\u00a0 bei Verst\u00f6\u00dfen gegen dieses Verbot, u.a. gegen die Versender von sogenannten Spam-Mails, behalten wir uns ausdr\u00fccklich vor.<\/p>\n<p>[\/et_pb_text][\/et_pb_column][\/et_pb_row][\/et_pb_section]<\/p>\n","protected":false},"excerpt":{"rendered":"<p>&nbsp; &nbsp; Impressum Vermessungsstelle Dipl.-Ing. (FH) Uwe KacholdBlankenburger Str. 1-3 07318 Saalfeld Tel.: 03671\/ 460570Fax: 03671\/ 460572 E-mail:\u00a0info@vermessung-kachold.de Homepage:\u00a0www.vermessung-kachold.de Gesch\u00e4ftszeiten:\u00a0Mo &#8211; Fr: 7.00-17.00 Uhr Gesch\u00e4ftsans\u00e4ssig:\u00a0unter der vorgenannten Anschrift Inhaber:\u00a0Uwe Kachold Inhaltlich Verantwortlicher gem\u00e4\u00df \u00a7 6 MDStV: Uwe Kachold Information nach \u00a7 2 Abs. 1 Dienstleistungs-Informationspflichten-Verordnung (DL-InfoV) und \u00a7 5 Telemediengesetz (TMG): Nach \u00a7 6 Abs. [&hellip;]<\/p>\n","protected":false},"author":1,"featured_media":0,"parent":0,"menu_order":0,"comment_status":"closed","ping_status":"closed","template":"","meta":{"_et_pb_use_builder":"on","_et_pb_old_content":"","_et_gb_content_width":"","footnotes":""},"class_list":["post-62","page","type-page","status-publish","hentry"],"yoast_head":"<!-- This site is optimized with the Yoast SEO plugin v27.6 - https:\/\/yoast.com\/product\/yoast-seo-wordpress\/ -->\n<title>Impressum - \u00d6ffentlich bestellter Vermessungsingenieur in Saalfeld<\/title>\n<meta name=\"robots\" content=\"index, follow, max-snippet:-1, max-image-preview:large, max-video-preview:-1\" \/>\n<link rel=\"canonical\" href=\"https:\/\/vermessung-kachold.de\/neu\/impressum\/\" \/>\n<meta property=\"og:locale\" content=\"de_DE\" \/>\n<meta property=\"og:type\" content=\"article\" \/>\n<meta property=\"og:title\" content=\"Impressum - \u00d6ffentlich bestellter Vermessungsingenieur in Saalfeld\" \/>\n<meta property=\"og:description\" content=\"&nbsp; &nbsp; Impressum Vermessungsstelle Dipl.-Ing. (FH) Uwe KacholdBlankenburger Str. 1-3 07318 Saalfeld Tel.: 03671\/ 460570Fax: 03671\/ 460572 E-mail:\u00a0info@vermessung-kachold.de Homepage:\u00a0www.vermessung-kachold.de Gesch\u00e4ftszeiten:\u00a0Mo - Fr: 7.00-17.00 Uhr Gesch\u00e4ftsans\u00e4ssig:\u00a0unter der vorgenannten Anschrift Inhaber:\u00a0Uwe Kachold Inhaltlich Verantwortlicher gem\u00e4\u00df \u00a7 6 MDStV: Uwe Kachold Information nach \u00a7 2 Abs. 1 Dienstleistungs-Informationspflichten-Verordnung (DL-InfoV) und \u00a7 5 Telemediengesetz (TMG): Nach \u00a7 6 Abs. [&hellip;]\" \/>\n<meta property=\"og:url\" content=\"https:\/\/vermessung-kachold.de\/neu\/impressum\/\" \/>\n<meta property=\"og:site_name\" content=\"\u00d6ffentlich bestellter Vermessungsingenieur in Saalfeld\" \/>\n<meta property=\"article:modified_time\" content=\"2026-03-03T15:52:30+00:00\" \/>\n<meta name=\"twitter:card\" content=\"summary_large_image\" \/>\n<meta name=\"twitter:label1\" content=\"Gesch\u00e4tzte Lesezeit\" \/>\n\t<meta name=\"twitter:data1\" content=\"4\u00a0Minuten\" \/>\n<script type=\"application\/ld+json\" class=\"yoast-schema-graph\">{\"@context\":\"https:\\\/\\\/schema.org\",\"@graph\":[{\"@type\":\"WebPage\",\"@id\":\"https:\\\/\\\/vermessung-kachold.de\\\/neu\\\/impressum\\\/\",\"url\":\"https:\\\/\\\/vermessung-kachold.de\\\/neu\\\/impressum\\\/\",\"name\":\"Impressum - \u00d6ffentlich bestellter Vermessungsingenieur in Saalfeld\",\"isPartOf\":{\"@id\":\"https:\\\/\\\/vermessung-kachold.de\\\/neu\\\/#website\"},\"datePublished\":\"2018-10-28T18:57:34+00:00\",\"dateModified\":\"2026-03-03T15:52:30+00:00\",\"breadcrumb\":{\"@id\":\"https:\\\/\\\/vermessung-kachold.de\\\/neu\\\/impressum\\\/#breadcrumb\"},\"inLanguage\":\"de\",\"potentialAction\":[{\"@type\":\"ReadAction\",\"target\":[\"https:\\\/\\\/vermessung-kachold.de\\\/neu\\\/impressum\\\/\"]}]},{\"@type\":\"BreadcrumbList\",\"@id\":\"https:\\\/\\\/vermessung-kachold.de\\\/neu\\\/impressum\\\/#breadcrumb\",\"itemListElement\":[{\"@type\":\"ListItem\",\"position\":1,\"name\":\"Startseite\",\"item\":\"https:\\\/\\\/vermessung-kachold.de\\\/neu\\\/\"},{\"@type\":\"ListItem\",\"position\":2,\"name\":\"Impressum\"}]},{\"@type\":\"WebSite\",\"@id\":\"https:\\\/\\\/vermessung-kachold.de\\\/neu\\\/#website\",\"url\":\"https:\\\/\\\/vermessung-kachold.de\\\/neu\\\/\",\"name\":\"\u00d6ffentlich bestellter Vermessungsingenieur in Saalfeld\",\"description\":\"Vermessungsstelle \u00d6bVI Uwe Kachold\",\"potentialAction\":[{\"@type\":\"SearchAction\",\"target\":{\"@type\":\"EntryPoint\",\"urlTemplate\":\"https:\\\/\\\/vermessung-kachold.de\\\/neu\\\/?s={search_term_string}\"},\"query-input\":{\"@type\":\"PropertyValueSpecification\",\"valueRequired\":true,\"valueName\":\"search_term_string\"}}],\"inLanguage\":\"de\"}]}<\/script>\n<!-- \/ Yoast SEO plugin. -->","yoast_head_json":{"title":"Impressum - \u00d6ffentlich bestellter Vermessungsingenieur in Saalfeld","robots":{"index":"index","follow":"follow","max-snippet":"max-snippet:-1","max-image-preview":"max-image-preview:large","max-video-preview":"max-video-preview:-1"},"canonical":"https:\/\/vermessung-kachold.de\/neu\/impressum\/","og_locale":"de_DE","og_type":"article","og_title":"Impressum - \u00d6ffentlich bestellter Vermessungsingenieur in Saalfeld","og_description":"&nbsp; &nbsp; Impressum Vermessungsstelle Dipl.-Ing. (FH) Uwe KacholdBlankenburger Str. 1-3 07318 Saalfeld Tel.: 03671\/ 460570Fax: 03671\/ 460572 E-mail:\u00a0info@vermessung-kachold.de Homepage:\u00a0www.vermessung-kachold.de Gesch\u00e4ftszeiten:\u00a0Mo - Fr: 7.00-17.00 Uhr Gesch\u00e4ftsans\u00e4ssig:\u00a0unter der vorgenannten Anschrift Inhaber:\u00a0Uwe Kachold Inhaltlich Verantwortlicher gem\u00e4\u00df \u00a7 6 MDStV: Uwe Kachold Information nach \u00a7 2 Abs. 1 Dienstleistungs-Informationspflichten-Verordnung (DL-InfoV) und \u00a7 5 Telemediengesetz (TMG): Nach \u00a7 6 Abs. [&hellip;]","og_url":"https:\/\/vermessung-kachold.de\/neu\/impressum\/","og_site_name":"\u00d6ffentlich bestellter Vermessungsingenieur in Saalfeld","article_modified_time":"2026-03-03T15:52:30+00:00","twitter_card":"summary_large_image","twitter_misc":{"Gesch\u00e4tzte Lesezeit":"4\u00a0Minuten"},"schema":{"@context":"https:\/\/schema.org","@graph":[{"@type":"WebPage","@id":"https:\/\/vermessung-kachold.de\/neu\/impressum\/","url":"https:\/\/vermessung-kachold.de\/neu\/impressum\/","name":"Impressum - \u00d6ffentlich bestellter Vermessungsingenieur in Saalfeld","isPartOf":{"@id":"https:\/\/vermessung-kachold.de\/neu\/#website"},"datePublished":"2018-10-28T18:57:34+00:00","dateModified":"2026-03-03T15:52:30+00:00","breadcrumb":{"@id":"https:\/\/vermessung-kachold.de\/neu\/impressum\/#breadcrumb"},"inLanguage":"de","potentialAction":[{"@type":"ReadAction","target":["https:\/\/vermessung-kachold.de\/neu\/impressum\/"]}]},{"@type":"BreadcrumbList","@id":"https:\/\/vermessung-kachold.de\/neu\/impressum\/#breadcrumb","itemListElement":[{"@type":"ListItem","position":1,"name":"Startseite","item":"https:\/\/vermessung-kachold.de\/neu\/"},{"@type":"ListItem","position":2,"name":"Impressum"}]},{"@type":"WebSite","@id":"https:\/\/vermessung-kachold.de\/neu\/#website","url":"https:\/\/vermessung-kachold.de\/neu\/","name":"\u00d6ffentlich bestellter Vermessungsingenieur in Saalfeld","description":"Vermessungsstelle \u00d6bVI Uwe Kachold","potentialAction":[{"@type":"SearchAction","target":{"@type":"EntryPoint","urlTemplate":"https:\/\/vermessung-kachold.de\/neu\/?s={search_term_string}"},"query-input":{"@type":"PropertyValueSpecification","valueRequired":true,"valueName":"search_term_string"}}],"inLanguage":"de"}]}},"_links":{"self":[{"href":"https:\/\/vermessung-kachold.de\/neu\/wp-json\/wp\/v2\/pages\/62","targetHints":{"allow":["GET"]}}],"collection":[{"href":"https:\/\/vermessung-kachold.de\/neu\/wp-json\/wp\/v2\/pages"}],"about":[{"href":"https:\/\/vermessung-kachold.de\/neu\/wp-json\/wp\/v2\/types\/page"}],"author":[{"embeddable":true,"href":"https:\/\/vermessung-kachold.de\/neu\/wp-json\/wp\/v2\/users\/1"}],"replies":[{"embeddable":true,"href":"https:\/\/vermessung-kachold.de\/neu\/wp-json\/wp\/v2\/comments?post=62"}],"version-history":[{"count":49,"href":"https:\/\/vermessung-kachold.de\/neu\/wp-json\/wp\/v2\/pages\/62\/revisions"}],"predecessor-version":[{"id":263,"href":"https:\/\/vermessung-kachold.de\/neu\/wp-json\/wp\/v2\/pages\/62\/revisions\/263"}],"wp:attachment":[{"href":"https:\/\/vermessung-kachold.de\/neu\/wp-json\/wp\/v2\/media?parent=62"}],"curies":[{"name":"wp","href":"https:\/\/api.w.org\/{rel}","templated":true}]}}