{"id":5,"date":"2018-10-26T16:07:50","date_gmt":"2018-10-26T14:07:50","guid":{"rendered":"https:\/\/vermessung-kachold.de\/neu\/?page_id=5"},"modified":"2020-08-07T15:20:48","modified_gmt":"2020-08-07T13:20:48","slug":"vermessungsbuero-uwe-kachold","status":"publish","type":"page","link":"https:\/\/vermessung-kachold.de\/neu\/","title":{"rendered":"Vermessungsb\u00fcro Uwe Kachold"},"content":{"rendered":"<p>[et_pb_section fb_built=&#8220;1&#8243; fullwidth=&#8220;on&#8220; _builder_version=&#8220;3.22&#8243;][et_pb_fullwidth_image src=&#8220;https:\/\/vermessung-kachold.de\/neu\/wp-content\/uploads\/2018\/10\/vermessung-kachold-saalfeld-n.jpg&#8220; disabled_on=&#8220;on||&#8220; admin_label=&#8220;Bild Oben&#8220; _builder_version=&#8220;3.17.1&#8243;]<br \/>\n[\/et_pb_fullwidth_image][\/et_pb_section][et_pb_section fb_built=&#8220;1&#8243; fullwidth=&#8220;on&#8220; _builder_version=&#8220;3.22&#8243; custom_padding=&#8220;0|0px|0|0px|false|false&#8220;][et_pb_fullwidth_image src=&#8220;https:\/\/vermessung-kachold.de\/neu\/wp-content\/uploads\/2018\/10\/vermessungsstelle-kachold-saalfeld.png&#8220; disabled_on=&#8220;|on|on&#8220; admin_label=&#8220;Ersatz f\u00fcr Bild oben mobile Ansicht&#8220; _builder_version=&#8220;3.17.6&#8243; background_repeat=&#8220;repeat-x&#8220; custom_margin=&#8220;3px||3px|&#8220;]<br \/>\n[\/et_pb_fullwidth_image][\/et_pb_section][et_pb_section fb_built=&#8220;1&#8243; _builder_version=&#8220;3.22&#8243;][et_pb_row _builder_version=&#8220;3.25&#8243; background_size=&#8220;initial&#8220; background_position=&#8220;top_left&#8220; background_repeat=&#8220;repeat&#8220; custom_padding=&#8220;0|0px|0|0px|false|false&#8220; column_structure=&#8220;2_3,1_3&#8243;][et_pb_column type=&#8220;2_3&#8243; _builder_version=&#8220;3.25&#8243; custom_padding=&#8220;|||&#8220; custom_padding__hover=&#8220;|||&#8220;][et_pb_text _builder_version=&#8220;3.27.4&#8243;]<\/p>\n<p><em>Willkommen auf der Webseite des Vermessungsb\u00fcros Uwe Kachold in Saalfeld.<\/em><\/p>\n<p><strong><em>Wir bieten Ihnen folgende Leistungen an:<\/em><\/strong><\/p>\n<ul>\n<li>Landesvermessung<\/li>\n<li>Grundst\u00fccksvermessung<\/li>\n<li>Lageplan zum Bauantrag<\/li>\n<li>Industrievermessung<\/li>\n<li>Deformationsvermessung<\/li>\n<li>Massenermittlung<\/li>\n<li>Sachverst\u00e4ndigent\u00e4tigkeit vor Gericht<\/li>\n<li>Beweissicherung<\/li>\n<li>Gutachten<\/li>\n<\/ul>\n<p><em><strong>So finden Sie uns:<\/strong><\/em><\/p>\n<p><strong>Aus Richtung Rudolstadt\/ Jena\/ Erfurt\/ Neuhaus kommend:<\/strong><\/p>\n<p>Nach Passieren der Kreuzung Meininger Hof fahren Sie Richtung Zentrum. An der n\u00e4chsten Ampel verlassen Sie die Hauptstra\u00dfe und fahren auf den Parkplatz &#8222;Schie\u00dfteich&#8220;. Von dort folgen Sie dem Lageplan.<\/p>\n<p><strong>Aus Richtung Gera\/ Kronach:<\/strong><\/p>\n<p>fahren Sie an der Bahnhofskreuzung Richtung Zentrum. An der zweiten Ampelkreuzung biegt die Hauptstra\u00dfe rechts ab und Sie fahren geradeaus auf den Parkplatz &#8222;Schie\u00dfteich&#8220;. Von dort folgen Sie dem Lageplan.<\/p>\n<p><img loading=\"lazy\" decoding=\"async\" class=\"alignnone size-medium wp-image-7\" src=\"https:\/\/vermessung-kachold.de\/neu\/wp-content\/uploads\/2018\/10\/anfahrt-vermessung-kachold-300x291.jpg\" alt=\"\" width=\"300\" height=\"291\" srcset=\"https:\/\/vermessung-kachold.de\/neu\/wp-content\/uploads\/2018\/10\/anfahrt-vermessung-kachold-300x291.jpg 300w, https:\/\/vermessung-kachold.de\/neu\/wp-content\/uploads\/2018\/10\/anfahrt-vermessung-kachold.jpg 437w\" sizes=\"(max-width: 300px) 100vw, 300px\" \/><\/p>\n<p>&nbsp;<\/p>\n<p>[\/et_pb_text][\/et_pb_column][et_pb_column type=&#8220;1_3&#8243; _builder_version=&#8220;3.25&#8243; custom_padding=&#8220;|||&#8220; custom_padding__hover=&#8220;|||&#8220;][et_pb_text _builder_version=&#8220;3.27.4&#8243;]<\/p>\n<p><strong>\u00d6ffentlich bestellter Vermessungsingenieur<\/strong><\/p>\n<p>Uwe Kachold<br \/>\nBlankenburger Str. 1-3<\/p>\n<p>07318 Saalfeld<\/p>\n<hr \/>\n<p class=\"dunkellink\">Tel.: 03671\/ 460570<br \/>\nFax: 03671\/ 460572<\/p>\n<p><strong>E-mail:<\/strong><br \/>\n<span class=\"dunkellink\"><a href=\"mailto:info@vermessung-kachold.de\">info@vermessung-kachold.de<\/a><\/span><\/p>\n<p><strong>Gesch\u00e4ftszeiten:<\/strong><br \/>\nMo &#8211; Fr: 7.00-17.00 Uhr<\/p>\n<p>[\/et_pb_text][\/et_pb_column][\/et_pb_row][\/et_pb_section]<\/p>\n","protected":false},"excerpt":{"rendered":"<p>Willkommen auf der Webseite des Vermessungsb\u00fcros Uwe Kachold in Saalfeld. Wir bieten Ihnen folgende Leistungen an: Landesvermessung Grundst\u00fccksvermessung Lageplan zum Bauantrag Industrievermessung Deformationsvermessung Massenermittlung Sachverst\u00e4ndigent\u00e4tigkeit vor Gericht Beweissicherung Gutachten So finden Sie uns: Aus Richtung Rudolstadt\/ Jena\/ Erfurt\/ Neuhaus kommend: Nach Passieren der Kreuzung Meininger Hof fahren Sie Richtung Zentrum. An der n\u00e4chsten Ampel verlassen [&hellip;]<\/p>\n","protected":false},"author":1,"featured_media":0,"parent":0,"menu_order":0,"comment_status":"closed","ping_status":"closed","template":"","meta":{"_et_pb_use_builder":"on","_et_pb_old_content":"<h1>Seite<\/h1>","_et_gb_content_width":"","footnotes":""},"class_list":["post-5","page","type-page","status-publish","hentry"],"yoast_head":"<!-- This site is optimized with the Yoast SEO plugin v27.6 - https:\/\/yoast.com\/product\/yoast-seo-wordpress\/ -->\n<title>Vermessungsb\u00fcro Uwe Kachold - \u00d6ffentlich bestellter Vermessungsingenieur in Saalfeld<\/title>\n<meta name=\"description\" content=\"\u00d6bVI Vermessungsingenieur mit B\u00fcro im Stadtzentrum Saalfeld. Wir bieten verschiedene Kataster - und Ingenieurvermessungsleistungen an.\" \/>\n<meta name=\"robots\" content=\"index, follow, max-snippet:-1, max-image-preview:large, max-video-preview:-1\" \/>\n<link rel=\"canonical\" href=\"http:\/\/vermessung-saalfeld\" \/>\n<meta property=\"og:locale\" content=\"de_DE\" \/>\n<meta property=\"og:type\" content=\"article\" \/>\n<meta property=\"og:title\" content=\"Vermessungsb\u00fcro Uwe Kachold - \u00d6ffentlich bestellter Vermessungsingenieur in Saalfeld\" \/>\n<meta property=\"og:description\" content=\"\u00d6bVI Vermessungsingenieur mit B\u00fcro im Stadtzentrum Saalfeld. Wir bieten verschiedene Kataster - und Ingenieurvermessungsleistungen an.\" \/>\n<meta property=\"og:url\" content=\"http:\/\/vermessung-saalfeld\" \/>\n<meta property=\"og:site_name\" content=\"\u00d6ffentlich bestellter Vermessungsingenieur in Saalfeld\" \/>\n<meta property=\"article:modified_time\" content=\"2020-08-07T13:20:48+00:00\" \/>\n<meta property=\"og:image\" content=\"https:\/\/vermessung-kachold.de\/neu\/wp-content\/uploads\/2018\/10\/anfahrt-vermessung-kachold-300x291.jpg\" \/>\n<meta name=\"twitter:card\" content=\"summary_large_image\" \/>\n<meta name=\"twitter:label1\" content=\"Gesch\u00e4tzte Lesezeit\" \/>\n\t<meta name=\"twitter:data1\" content=\"2\u00a0Minuten\" \/>\n<script type=\"application\/ld+json\" class=\"yoast-schema-graph\">{\"@context\":\"https:\\\/\\\/schema.org\",\"@graph\":[{\"@type\":\"WebPage\",\"@id\":\"https:\\\/\\\/vermessung-kachold.de\\\/neu\\\/\",\"url\":\"http:\\\/\\\/vermessung-saalfeld\",\"name\":\"Vermessungsb\u00fcro Uwe Kachold - \u00d6ffentlich bestellter Vermessungsingenieur in Saalfeld\",\"isPartOf\":{\"@id\":\"https:\\\/\\\/vermessung-kachold.de\\\/neu\\\/#website\"},\"primaryImageOfPage\":{\"@id\":\"http:\\\/\\\/vermessung-saalfeld#primaryimage\"},\"image\":{\"@id\":\"http:\\\/\\\/vermessung-saalfeld#primaryimage\"},\"thumbnailUrl\":\"https:\\\/\\\/vermessung-kachold.de\\\/neu\\\/wp-content\\\/uploads\\\/2018\\\/10\\\/anfahrt-vermessung-kachold-300x291.jpg\",\"datePublished\":\"2018-10-26T14:07:50+00:00\",\"dateModified\":\"2020-08-07T13:20:48+00:00\",\"description\":\"\u00d6bVI Vermessungsingenieur mit B\u00fcro im Stadtzentrum Saalfeld. Wir bieten verschiedene Kataster - und Ingenieurvermessungsleistungen an.\",\"breadcrumb\":{\"@id\":\"http:\\\/\\\/vermessung-saalfeld#breadcrumb\"},\"inLanguage\":\"de\",\"potentialAction\":[{\"@type\":\"ReadAction\",\"target\":[\"http:\\\/\\\/vermessung-saalfeld\"]}]},{\"@type\":\"ImageObject\",\"inLanguage\":\"de\",\"@id\":\"http:\\\/\\\/vermessung-saalfeld#primaryimage\",\"url\":\"https:\\\/\\\/vermessung-kachold.de\\\/neu\\\/wp-content\\\/uploads\\\/2018\\\/10\\\/anfahrt-vermessung-kachold.jpg\",\"contentUrl\":\"https:\\\/\\\/vermessung-kachold.de\\\/neu\\\/wp-content\\\/uploads\\\/2018\\\/10\\\/anfahrt-vermessung-kachold.jpg\",\"width\":437,\"height\":424},{\"@type\":\"BreadcrumbList\",\"@id\":\"http:\\\/\\\/vermessung-saalfeld#breadcrumb\",\"itemListElement\":[{\"@type\":\"ListItem\",\"position\":1,\"name\":\"Startseite\",\"item\":\"https:\\\/\\\/vermessung-kachold.de\\\/neu\\\/\"},{\"@type\":\"ListItem\",\"position\":2,\"name\":\"Vermessungsb\u00fcro Uwe Kachold\"}]},{\"@type\":\"WebSite\",\"@id\":\"https:\\\/\\\/vermessung-kachold.de\\\/neu\\\/#website\",\"url\":\"https:\\\/\\\/vermessung-kachold.de\\\/neu\\\/\",\"name\":\"\u00d6ffentlich bestellter Vermessungsingenieur in Saalfeld\",\"description\":\"Vermessungsstelle \u00d6bVI Uwe Kachold\",\"potentialAction\":[{\"@type\":\"SearchAction\",\"target\":{\"@type\":\"EntryPoint\",\"urlTemplate\":\"https:\\\/\\\/vermessung-kachold.de\\\/neu\\\/?s={search_term_string}\"},\"query-input\":{\"@type\":\"PropertyValueSpecification\",\"valueRequired\":true,\"valueName\":\"search_term_string\"}}],\"inLanguage\":\"de\"}]}<\/script>\n<!-- \/ Yoast SEO plugin. -->","yoast_head_json":{"title":"Vermessungsb\u00fcro Uwe Kachold - \u00d6ffentlich bestellter Vermessungsingenieur in Saalfeld","description":"\u00d6bVI Vermessungsingenieur mit B\u00fcro im Stadtzentrum Saalfeld. Wir bieten verschiedene Kataster - und Ingenieurvermessungsleistungen an.","robots":{"index":"index","follow":"follow","max-snippet":"max-snippet:-1","max-image-preview":"max-image-preview:large","max-video-preview":"max-video-preview:-1"},"canonical":"http:\/\/vermessung-saalfeld","og_locale":"de_DE","og_type":"article","og_title":"Vermessungsb\u00fcro Uwe Kachold - \u00d6ffentlich bestellter Vermessungsingenieur in Saalfeld","og_description":"\u00d6bVI Vermessungsingenieur mit B\u00fcro im Stadtzentrum Saalfeld. Wir bieten verschiedene Kataster - und Ingenieurvermessungsleistungen an.","og_url":"http:\/\/vermessung-saalfeld","og_site_name":"\u00d6ffentlich bestellter Vermessungsingenieur in Saalfeld","article_modified_time":"2020-08-07T13:20:48+00:00","og_image":[{"url":"https:\/\/vermessung-kachold.de\/neu\/wp-content\/uploads\/2018\/10\/anfahrt-vermessung-kachold-300x291.jpg","type":"","width":"","height":""}],"twitter_card":"summary_large_image","twitter_misc":{"Gesch\u00e4tzte Lesezeit":"2\u00a0Minuten"},"schema":{"@context":"https:\/\/schema.org","@graph":[{"@type":"WebPage","@id":"https:\/\/vermessung-kachold.de\/neu\/","url":"http:\/\/vermessung-saalfeld","name":"Vermessungsb\u00fcro Uwe Kachold - \u00d6ffentlich bestellter Vermessungsingenieur in Saalfeld","isPartOf":{"@id":"https:\/\/vermessung-kachold.de\/neu\/#website"},"primaryImageOfPage":{"@id":"http:\/\/vermessung-saalfeld#primaryimage"},"image":{"@id":"http:\/\/vermessung-saalfeld#primaryimage"},"thumbnailUrl":"https:\/\/vermessung-kachold.de\/neu\/wp-content\/uploads\/2018\/10\/anfahrt-vermessung-kachold-300x291.jpg","datePublished":"2018-10-26T14:07:50+00:00","dateModified":"2020-08-07T13:20:48+00:00","description":"\u00d6bVI Vermessungsingenieur mit B\u00fcro im Stadtzentrum Saalfeld. Wir bieten verschiedene Kataster - und Ingenieurvermessungsleistungen an.","breadcrumb":{"@id":"http:\/\/vermessung-saalfeld#breadcrumb"},"inLanguage":"de","potentialAction":[{"@type":"ReadAction","target":["http:\/\/vermessung-saalfeld"]}]},{"@type":"ImageObject","inLanguage":"de","@id":"http:\/\/vermessung-saalfeld#primaryimage","url":"https:\/\/vermessung-kachold.de\/neu\/wp-content\/uploads\/2018\/10\/anfahrt-vermessung-kachold.jpg","contentUrl":"https:\/\/vermessung-kachold.de\/neu\/wp-content\/uploads\/2018\/10\/anfahrt-vermessung-kachold.jpg","width":437,"height":424},{"@type":"BreadcrumbList","@id":"http:\/\/vermessung-saalfeld#breadcrumb","itemListElement":[{"@type":"ListItem","position":1,"name":"Startseite","item":"https:\/\/vermessung-kachold.de\/neu\/"},{"@type":"ListItem","position":2,"name":"Vermessungsb\u00fcro Uwe Kachold"}]},{"@type":"WebSite","@id":"https:\/\/vermessung-kachold.de\/neu\/#website","url":"https:\/\/vermessung-kachold.de\/neu\/","name":"\u00d6ffentlich bestellter Vermessungsingenieur in Saalfeld","description":"Vermessungsstelle \u00d6bVI Uwe Kachold","potentialAction":[{"@type":"SearchAction","target":{"@type":"EntryPoint","urlTemplate":"https:\/\/vermessung-kachold.de\/neu\/?s={search_term_string}"},"query-input":{"@type":"PropertyValueSpecification","valueRequired":true,"valueName":"search_term_string"}}],"inLanguage":"de"}]}},"_links":{"self":[{"href":"https:\/\/vermessung-kachold.de\/neu\/wp-json\/wp\/v2\/pages\/5","targetHints":{"allow":["GET"]}}],"collection":[{"href":"https:\/\/vermessung-kachold.de\/neu\/wp-json\/wp\/v2\/pages"}],"about":[{"href":"https:\/\/vermessung-kachold.de\/neu\/wp-json\/wp\/v2\/types\/page"}],"author":[{"embeddable":true,"href":"https:\/\/vermessung-kachold.de\/neu\/wp-json\/wp\/v2\/users\/1"}],"replies":[{"embeddable":true,"href":"https:\/\/vermessung-kachold.de\/neu\/wp-json\/wp\/v2\/comments?post=5"}],"version-history":[{"count":24,"href":"https:\/\/vermessung-kachold.de\/neu\/wp-json\/wp\/v2\/pages\/5\/revisions"}],"predecessor-version":[{"id":176,"href":"https:\/\/vermessung-kachold.de\/neu\/wp-json\/wp\/v2\/pages\/5\/revisions\/176"}],"wp:attachment":[{"href":"https:\/\/vermessung-kachold.de\/neu\/wp-json\/wp\/v2\/media?parent=5"}],"curies":[{"name":"wp","href":"https:\/\/api.w.org\/{rel}","templated":true}]}}